{"id":3,"date":"2022-03-30T14:47:28","date_gmt":"2022-03-30T14:47:28","guid":{"rendered":"https:\/\/joao.ovh\/websites\/wordpress\/?page_id=3"},"modified":"2024-07-22T16:43:16","modified_gmt":"2024-07-22T16:43:16","slug":"politica-privacidade","status":"publish","type":"page","link":"https:\/\/indecorseia.pt\/?page_id=3","title":{"rendered":"Pol\u00edtica de privacidade"},"content":{"rendered":"\n<h2 class=\"wp-block-heading\">Quem somos<\/h2>\n\n\n\n<p>A indecorseia.pt \u00e9 um website da empresa Decdanicris, Lda, detentora do NIF 507 694 350,\u00a0com sede na rua Jo\u00e3o Cabral Abreu n\u00ba29 6270-406 Seia Portugal.<br><\/p>\n\n\n\n<h2 class=\"wp-block-heading\"><strong>Resolu\u00e7\u00e3o Alternativa de Lit\u00edgios (RAL)<\/strong><\/h2>\n\n\n\n<p>Nos termos do art.\u00ba 18.\u00ba da Lei n.\u00ba 144\/2015, de 8 de setembro, informa-se que, em caso de lit\u00edgio ou insatisfa\u00e7\u00e3o com o servi\u00e7o ou produto disponibilizado, o consumidor poder\u00e1 recorrer a uma das entidades de Resolu\u00e7\u00e3o Alternativa de Lit\u00edgios de Consumo que se encontram listadas em&nbsp;<strong>indecorseia.pt<\/strong>, podendo obter informa\u00e7\u00f5es adicionais sobre esta mat\u00e9ria em&nbsp;<strong>indecorseia.pt<\/strong>.<\/p>\n\n\n\n<p><\/p>\n\n\n\n<h2 class=\"wp-block-heading\">Condi\u00e7\u00f5es de utiliza\u00e7\u00e3o do website<\/h2>\n\n\n\n<p>A informa\u00e7\u00e3o disponibilizada no web site pode ser visualizada, copiada, impressa e distribu\u00edda exclusivamente para uso pessoal, n\u00e3o comercial, mantendo sempre o aviso legal de copyright acima indicado. O conte\u00fado deste site n\u00e3o poder\u00e1 ser modificado de forma a ficar protegido sob outro copyright, patente, marca ou registo de propriedade intelectual que n\u00e3o perten\u00e7a \u00e0&nbsp;<strong>indecorseia.pt.<\/strong>&nbsp;A informa\u00e7\u00e3o disponibilizada no web site pode conter por lapso algum erro ortogr\u00e1fico. Consequentemente, a&nbsp;<strong>indecorseia.pt<\/strong>&nbsp;n\u00e3o assume responsabilidade, por qualquer dano resultante da utiliza\u00e7\u00e3o desses mesmos conte\u00fados, tais como, a perda de dados, perda de receitas ou outros proveitos, e interrup\u00e7\u00e3o de processos de neg\u00f3cio derivados da utiliza\u00e7\u00e3o ou impossibilidade de utiliza\u00e7\u00e3o da informa\u00e7\u00e3o presente neste site.<\/p>\n\n\n\n<figure class=\"wp-block-image size-full is-resized\"><a href=\"https:\/\/www.livroreclamacoes.pt\/Inicio\/\" target=\"_blank\" rel=\"noreferrer noopener\"><img loading=\"lazy\" decoding=\"async\" width=\"140\" height=\"58\" src=\"https:\/\/indecorseia.pt\/wp-content\/uploads\/2024\/07\/livro-1.jpg\" alt=\"\" class=\"wp-image-2949\" style=\"aspect-ratio:1.8977272727272727;width:163px;height:auto\"\/><\/a><\/figure>\n\n\n\n<p><\/p>\n","protected":false},"excerpt":{"rendered":"<p>Quem somos A indecorseia.pt \u00e9 um website da empresa Decdanicris, Lda, detentora do NIF 507 694 350,\u00a0com sede na rua Jo\u00e3o Cabral Abreu n\u00ba29 6270-406 Seia Portugal. Resolu\u00e7\u00e3o Alternativa de Lit\u00edgios (RAL) Nos termos do art.\u00ba 18.\u00ba da Lei n.\u00ba 144\/2015, de 8 de setembro, informa-se que, em caso de lit\u00edgio ou insatisfa\u00e7\u00e3o com o &hellip; <\/p>\n<p class=\"link-more\"><a href=\"https:\/\/indecorseia.pt\/?page_id=3\" class=\"more-link\">Continuar a ler <span class=\"screen-reader-text\">&#8220;Pol\u00edtica de privacidade&#8221;<\/span><\/a><\/p>\n","protected":false},"author":4,"featured_media":0,"parent":0,"menu_order":0,"comment_status":"closed","ping_status":"closed","template":"","meta":{"ngg_post_thumbnail":0,"footnotes":""},"class_list":["post-3","page","type-page","status-publish","hentry"],"_links":{"self":[{"href":"https:\/\/indecorseia.pt\/index.php?rest_route=\/wp\/v2\/pages\/3","targetHints":{"allow":["GET"]}}],"collection":[{"href":"https:\/\/indecorseia.pt\/index.php?rest_route=\/wp\/v2\/pages"}],"about":[{"href":"https:\/\/indecorseia.pt\/index.php?rest_route=\/wp\/v2\/types\/page"}],"author":[{"embeddable":true,"href":"https:\/\/indecorseia.pt\/index.php?rest_route=\/wp\/v2\/users\/4"}],"replies":[{"embeddable":true,"href":"https:\/\/indecorseia.pt\/index.php?rest_route=%2Fwp%2Fv2%2Fcomments&post=3"}],"version-history":[{"count":11,"href":"https:\/\/indecorseia.pt\/index.php?rest_route=\/wp\/v2\/pages\/3\/revisions"}],"predecessor-version":[{"id":2959,"href":"https:\/\/indecorseia.pt\/index.php?rest_route=\/wp\/v2\/pages\/3\/revisions\/2959"}],"wp:attachment":[{"href":"https:\/\/indecorseia.pt\/index.php?rest_route=%2Fwp%2Fv2%2Fmedia&parent=3"}],"curies":[{"name":"wp","href":"https:\/\/api.w.org\/{rel}","templated":true}]}}