{"id":362,"date":"2022-04-04T08:53:32","date_gmt":"2022-04-04T08:53:32","guid":{"rendered":"https:\/\/joao.ovh\/websites\/wordpress\/?page_id=362"},"modified":"2022-08-27T09:20:16","modified_gmt":"2022-08-27T09:20:16","slug":"fabrico-proprio","status":"publish","type":"page","link":"https:\/\/indecorseia.pt\/?page_id=362","title":{"rendered":"NOSSOS SERVI\u00c7OS"},"content":{"rendered":"\n<div class=\"wp-block-group\"><div class=\"wp-block-group__inner-container is-layout-flow wp-block-group-is-layout-flow\">\n<div class=\"wp-block-columns is-layout-flex wp-container-core-columns-is-layout-9d6595d7 wp-block-columns-is-layout-flex\">\n<div class=\"wp-block-column is-layout-flow wp-block-column-is-layout-flow\">\n<figure class=\"wp-block-image size-large\"><img loading=\"lazy\" decoding=\"async\" width=\"1024\" height=\"683\" src=\"https:\/\/indecorseia.pt\/wp-content\/uploads\/2022\/07\/fabrico-proprio-1-1024x683.png\" alt=\"\" class=\"wp-image-1047\" srcset=\"https:\/\/indecorseia.pt\/wp-content\/uploads\/2022\/07\/fabrico-proprio-1-1024x683.png 1024w, https:\/\/indecorseia.pt\/wp-content\/uploads\/2022\/07\/fabrico-proprio-1-300x200.png 300w, https:\/\/indecorseia.pt\/wp-content\/uploads\/2022\/07\/fabrico-proprio-1-768x512.png 768w, https:\/\/indecorseia.pt\/wp-content\/uploads\/2022\/07\/fabrico-proprio-1.png 1080w\" sizes=\"auto, (max-width: 706px) 89vw, (max-width: 767px) 82vw, 740px\" \/><figcaption>Fabrico Pr\u00f3prio <\/figcaption><\/figure>\n<\/div>\n\n\n\n<div class=\"wp-block-column is-layout-flow wp-block-column-is-layout-flow\">\n<figure class=\"wp-block-image size-large\"><img loading=\"lazy\" decoding=\"async\" width=\"1024\" height=\"683\" src=\"https:\/\/indecorseia.pt\/wp-content\/uploads\/2022\/07\/montagem-1024x683.png\" alt=\"\" class=\"wp-image-1048\" srcset=\"https:\/\/indecorseia.pt\/wp-content\/uploads\/2022\/07\/montagem-1024x683.png 1024w, https:\/\/indecorseia.pt\/wp-content\/uploads\/2022\/07\/montagem-300x200.png 300w, https:\/\/indecorseia.pt\/wp-content\/uploads\/2022\/07\/montagem-768x512.png 768w, https:\/\/indecorseia.pt\/wp-content\/uploads\/2022\/07\/montagem.png 1080w\" sizes=\"auto, (max-width: 706px) 89vw, (max-width: 767px) 82vw, 740px\" \/><figcaption>Montagem Pr\u00f3pria<\/figcaption><\/figure>\n<\/div>\n<\/div>\n<\/div><\/div>\n\n\n\n<div class=\"wp-block-group\"><div class=\"wp-block-group__inner-container is-layout-flow wp-block-group-is-layout-flow\">\n<div class=\"wp-block-columns is-layout-flex wp-container-core-columns-is-layout-9d6595d7 wp-block-columns-is-layout-flex\">\n<div class=\"wp-block-column is-layout-flow wp-block-column-is-layout-flow\">\n<figure class=\"wp-block-image size-large\"><img loading=\"lazy\" decoding=\"async\" width=\"1024\" height=\"707\" src=\"https:\/\/indecorseia.pt\/wp-content\/uploads\/2022\/08\/IMG_20200811_122249-1024x707.jpg\" alt=\"\" class=\"wp-image-2182\" srcset=\"https:\/\/indecorseia.pt\/wp-content\/uploads\/2022\/08\/IMG_20200811_122249-1024x707.jpg 1024w, https:\/\/indecorseia.pt\/wp-content\/uploads\/2022\/08\/IMG_20200811_122249-300x207.jpg 300w, https:\/\/indecorseia.pt\/wp-content\/uploads\/2022\/08\/IMG_20200811_122249-768x530.jpg 768w, https:\/\/indecorseia.pt\/wp-content\/uploads\/2022\/08\/IMG_20200811_122249-1536x1061.jpg 1536w, https:\/\/indecorseia.pt\/wp-content\/uploads\/2022\/08\/IMG_20200811_122249-2048x1414.jpg 2048w\" sizes=\"auto, (max-width: 706px) 89vw, (max-width: 767px) 82vw, 740px\" \/><figcaption>Aplica\u00e7\u00e3o de estores<\/figcaption><\/figure>\n<\/div>\n\n\n\n<div class=\"wp-block-column is-layout-flow wp-block-column-is-layout-flow\">\n<figure class=\"wp-block-image size-large\"><img loading=\"lazy\" decoding=\"async\" width=\"1024\" height=\"710\" src=\"https:\/\/indecorseia.pt\/wp-content\/uploads\/2022\/08\/aplicacao-papel-parede-5-1024x710.jpg\" alt=\"\" class=\"wp-image-2192\" srcset=\"https:\/\/indecorseia.pt\/wp-content\/uploads\/2022\/08\/aplicacao-papel-parede-5-1024x710.jpg 1024w, https:\/\/indecorseia.pt\/wp-content\/uploads\/2022\/08\/aplicacao-papel-parede-5-300x208.jpg 300w, https:\/\/indecorseia.pt\/wp-content\/uploads\/2022\/08\/aplicacao-papel-parede-5-768x533.jpg 768w, https:\/\/indecorseia.pt\/wp-content\/uploads\/2022\/08\/aplicacao-papel-parede-5-1536x1065.jpg 1536w, https:\/\/indecorseia.pt\/wp-content\/uploads\/2022\/08\/aplicacao-papel-parede-5-2048x1420.jpg 2048w\" sizes=\"auto, (max-width: 706px) 89vw, (max-width: 767px) 82vw, 740px\" \/><figcaption>Aplica\u00e7\u00e3o de papel de parede<\/figcaption><\/figure>\n<\/div>\n<\/div>\n<\/div><\/div>\n\n\n\n<p style=\"font-size:15px;font-style:normal;font-weight:200\">A&nbsp; Indecor tem um conjunto de servi\u00e7os especializados para aqueles que desejam alterar um espa\u00e7o completo, como:<\/p>\n\n\n\n<ul class=\"wp-block-list\" style=\"font-size:15px;font-style:normal;font-weight:200\"><li>fabrico pr\u00f3prio (confe\u00e7\u00e3o, ilumina\u00e7\u00e3o, mobili\u00e1rio, estofo)<\/li><li>requalifica\u00e7\u00e3o \/ remodela\u00e7\u00e3o,<\/li><li>pinturas,<\/li><li>servi\u00e7o da limpeza,<\/li><li>entrega e montagem.<\/li><\/ul>\n\n\n\n<h2 class=\"has-medium-font-size wp-block-heading\" style=\"font-style:normal;font-weight:200;text-transform:uppercase\">Design de interiores <\/h2>\n\n\n\n<div class=\"wp-block-columns is-layout-flex wp-container-core-columns-is-layout-9d6595d7 wp-block-columns-is-layout-flex\">\n<div class=\"wp-block-column is-layout-flow wp-block-column-is-layout-flow\">\n<figure class=\"wp-block-image size-large\"><img loading=\"lazy\" decoding=\"async\" width=\"1024\" height=\"683\" src=\"https:\/\/indecorseia.pt\/wp-content\/uploads\/2022\/07\/projeto-1024x683.png\" alt=\"\" class=\"wp-image-1049\" srcset=\"https:\/\/indecorseia.pt\/wp-content\/uploads\/2022\/07\/projeto-1024x683.png 1024w, https:\/\/indecorseia.pt\/wp-content\/uploads\/2022\/07\/projeto-300x200.png 300w, https:\/\/indecorseia.pt\/wp-content\/uploads\/2022\/07\/projeto-768x512.png 768w, https:\/\/indecorseia.pt\/wp-content\/uploads\/2022\/07\/projeto.png 1080w\" sizes=\"auto, (max-width: 706px) 89vw, (max-width: 767px) 82vw, 740px\" \/><figcaption>Esbo\u00e7o<\/figcaption><\/figure>\n<\/div>\n\n\n\n<div class=\"wp-block-column is-layout-flow wp-block-column-is-layout-flow\">\n<figure class=\"wp-block-image size-large\"><img loading=\"lazy\" decoding=\"async\" width=\"1024\" height=\"683\" src=\"https:\/\/indecorseia.pt\/wp-content\/uploads\/2022\/07\/desing-de-interiores-1024x683.png\" alt=\"\" class=\"wp-image-1050\" srcset=\"https:\/\/indecorseia.pt\/wp-content\/uploads\/2022\/07\/desing-de-interiores-1024x683.png 1024w, https:\/\/indecorseia.pt\/wp-content\/uploads\/2022\/07\/desing-de-interiores-300x200.png 300w, https:\/\/indecorseia.pt\/wp-content\/uploads\/2022\/07\/desing-de-interiores-768x512.png 768w, https:\/\/indecorseia.pt\/wp-content\/uploads\/2022\/07\/desing-de-interiores.png 1080w\" sizes=\"auto, (max-width: 706px) 89vw, (max-width: 767px) 82vw, 740px\" \/><figcaption>Projeto 3D<\/figcaption><\/figure>\n<\/div>\n<\/div>\n\n\n\n<p style=\"font-size:15px;font-style:normal;font-weight:200\">Contudo, apresentamos  v\u00e1rios projetos, como por exemplo, esbo\u00e7os, projetos em 3D, projetos de decora\u00e7\u00e3o, remodela\u00e7\u00e3o, requalifica\u00e7\u00e3o e arquitetura, tudo para que o cliente se sinta confiante com as decis\u00f5es tomadas e para ter uma perce\u00e7\u00e3o mais real do seu espa\u00e7o.<\/p>\n\n\n\n<div class=\"wp-block-buttons is-layout-flex wp-block-buttons-is-layout-flex\">\n<div class=\"wp-block-button is-style-outline is-style-outline--1\"><a class=\"wp-block-button__link\" href=\"https:\/\/indecorseia.pt\/\">Voltar<\/a><\/div>\n<\/div>\n","protected":false},"excerpt":{"rendered":"<p>A&nbsp; Indecor tem um conjunto de servi\u00e7os especializados para aqueles que desejam alterar um espa\u00e7o completo, como: fabrico pr\u00f3prio (confe\u00e7\u00e3o, ilumina\u00e7\u00e3o, mobili\u00e1rio, estofo) requalifica\u00e7\u00e3o \/ remodela\u00e7\u00e3o, pinturas, servi\u00e7o da limpeza, entrega e montagem. Design de interiores Contudo, apresentamos v\u00e1rios projetos, como por exemplo, esbo\u00e7os, projetos em 3D, projetos de decora\u00e7\u00e3o, remodela\u00e7\u00e3o, requalifica\u00e7\u00e3o e arquitetura, tudo &hellip; <\/p>\n<p class=\"link-more\"><a href=\"https:\/\/indecorseia.pt\/?page_id=362\" class=\"more-link\">Continuar a ler <span class=\"screen-reader-text\">&#8220;NOSSOS SERVI\u00c7OS&#8221;<\/span><\/a><\/p>\n","protected":false},"author":4,"featured_media":0,"parent":0,"menu_order":0,"comment_status":"closed","ping_status":"closed","template":"","meta":{"ngg_post_thumbnail":0,"footnotes":""},"class_list":["post-362","page","type-page","status-publish","hentry"],"_links":{"self":[{"href":"https:\/\/indecorseia.pt\/index.php?rest_route=\/wp\/v2\/pages\/362","targetHints":{"allow":["GET"]}}],"collection":[{"href":"https:\/\/indecorseia.pt\/index.php?rest_route=\/wp\/v2\/pages"}],"about":[{"href":"https:\/\/indecorseia.pt\/index.php?rest_route=\/wp\/v2\/types\/page"}],"author":[{"embeddable":true,"href":"https:\/\/indecorseia.pt\/index.php?rest_route=\/wp\/v2\/users\/4"}],"replies":[{"embeddable":true,"href":"https:\/\/indecorseia.pt\/index.php?rest_route=%2Fwp%2Fv2%2Fcomments&post=362"}],"version-history":[{"count":16,"href":"https:\/\/indecorseia.pt\/index.php?rest_route=\/wp\/v2\/pages\/362\/revisions"}],"predecessor-version":[{"id":2739,"href":"https:\/\/indecorseia.pt\/index.php?rest_route=\/wp\/v2\/pages\/362\/revisions\/2739"}],"wp:attachment":[{"href":"https:\/\/indecorseia.pt\/index.php?rest_route=%2Fwp%2Fv2%2Fmedia&parent=362"}],"curies":[{"name":"wp","href":"https:\/\/api.w.org\/{rel}","templated":true}]}}