{"id":6,"date":"2022-03-30T14:50:42","date_gmt":"2022-03-30T14:50:42","guid":{"rendered":"https:\/\/joao.ovh\/websites\/wordpress\/?page_id=6"},"modified":"2022-08-12T17:39:58","modified_gmt":"2022-08-12T17:39:58","slug":"pagina-inicial","status":"publish","type":"page","link":"https:\/\/indecorseia.pt\/","title":{"rendered":"BEM-VINDO \u00c1 INDECOR"},"content":{"rendered":"\n<p class=\"has-medium-font-size\">Empresa dedicada \u00e1 decora\u00e7\u00e3o de interiores e exteriores com profissionalismo, experi\u00eancia e dedica\u00e7\u00e3o desde de 1986.<\/p>\n\n\n\n<ul class=\"wp-block-list\" style=\"font-size:18px;font-style:normal;font-weight:200\"><li>Cortinados,  estores,  papel parede, tapetes, estofos, toldos, pergolas e brisas solares s\u00e3o servi\u00e7os feitos individualmente. Todos os outros s\u00e3o um conjunto de servi\u00e7os feitos na remodela\u00e7\u00e3o do seu espa\u00e7o.<\/li><li>Fabrico pr\u00f3prio, ou seja, feito \u00e1 medida e ao seu gosto.<\/li><li>A nossa loja contem uma enorme diversidade de amostras para todo o tipo de gostos e estilos.<\/li><li>Caso tenha alguma d\u00favida, n\u00e3o hesite em nos contactar.<\/li><li>Este site \u00e9 utilizado como cat\u00e1logo, ou seja, todas as imagens s\u00e3o ilustrativas.<\/li><\/ul>\n\n\n\nngg_shortcode_0_placeholder\n","protected":false},"excerpt":{"rendered":"<p>Empresa dedicada \u00e1 decora\u00e7\u00e3o de interiores e exteriores com profissionalismo, experi\u00eancia e dedica\u00e7\u00e3o desde de 1986. Cortinados, estores, papel parede, tapetes, estofos, toldos, pergolas e brisas solares s\u00e3o servi\u00e7os feitos individualmente. Todos os outros s\u00e3o um conjunto de servi\u00e7os feitos na remodela\u00e7\u00e3o do seu espa\u00e7o. Fabrico pr\u00f3prio, ou seja, feito \u00e1 medida e ao seu &hellip; <\/p>\n<p class=\"link-more\"><a href=\"https:\/\/indecorseia.pt\/\" class=\"more-link\">Continuar a ler <span class=\"screen-reader-text\">&#8220;BEM-VINDO \u00c1 INDECOR&#8221;<\/span><\/a><\/p>\n","protected":false},"author":4,"featured_media":0,"parent":0,"menu_order":0,"comment_status":"closed","ping_status":"closed","template":"","meta":{"ngg_post_thumbnail":0,"footnotes":""},"class_list":["post-6","page","type-page","status-publish","hentry"],"_links":{"self":[{"href":"https:\/\/indecorseia.pt\/index.php?rest_route=\/wp\/v2\/pages\/6","targetHints":{"allow":["GET"]}}],"collection":[{"href":"https:\/\/indecorseia.pt\/index.php?rest_route=\/wp\/v2\/pages"}],"about":[{"href":"https:\/\/indecorseia.pt\/index.php?rest_route=\/wp\/v2\/types\/page"}],"author":[{"embeddable":true,"href":"https:\/\/indecorseia.pt\/index.php?rest_route=\/wp\/v2\/users\/4"}],"replies":[{"embeddable":true,"href":"https:\/\/indecorseia.pt\/index.php?rest_route=%2Fwp%2Fv2%2Fcomments&post=6"}],"version-history":[{"count":117,"href":"https:\/\/indecorseia.pt\/index.php?rest_route=\/wp\/v2\/pages\/6\/revisions"}],"predecessor-version":[{"id":2264,"href":"https:\/\/indecorseia.pt\/index.php?rest_route=\/wp\/v2\/pages\/6\/revisions\/2264"}],"wp:attachment":[{"href":"https:\/\/indecorseia.pt\/index.php?rest_route=%2Fwp%2Fv2%2Fmedia&parent=6"}],"curies":[{"name":"wp","href":"https:\/\/api.w.org\/{rel}","templated":true}]}}