{"id":8,"date":"2022-03-30T14:50:42","date_gmt":"2022-03-30T14:50:42","guid":{"rendered":"https:\/\/joao.ovh\/websites\/wordpress\/?page_id=8"},"modified":"2022-11-18T18:18:57","modified_gmt":"2022-11-18T18:18:57","slug":"contact","status":"publish","type":"page","link":"https:\/\/indecorseia.pt\/?page_id=8","title":{"rendered":"Contactos"},"content":{"rendered":"\n<p>A Indecor aguarda pelos seus projetos.<\/p>\n\n\n\n<div class=\"wp-block-columns is-layout-flex wp-container-core-columns-is-layout-9d6595d7 wp-block-columns-is-layout-flex\">\n<div class=\"wp-block-column is-vertically-aligned-center is-layout-flow wp-block-column-is-layout-flow\">\n<iframe src=\"https:\/\/www.google.com\/maps\/embed?pb=!1m18!1m12!1m3!1d3706.1515091453593!2d-7.7107309843511045!3d40.41550906363716!2m3!1f0!2f0!3f0!3m2!1i1024!2i768!4f13.1!3m3!1m2!1s0xd3cd5d27b7d0d15%3A0xf928ca5185be92aa!2sIndecor!5e1!3m2!1spt-PT!2spt!4v1658160847564!5m2!1spt-PT!2spt\" style=\"border:0;\" allowfullscreen=\"\" loading=\"lazy\" referrerpolicy=\"no-referrer-when-downgrade\" width=\"600\" height=\"450\"><\/iframe>\n<\/div>\n\n\n\n<div class=\"wp-block-column is-layout-flow wp-block-column-is-layout-flow\">\n<div class=\"wp-block-columns is-not-stacked-on-mobile is-layout-flex wp-container-core-columns-is-layout-9d6595d7 wp-block-columns-is-layout-flex\">\n<div class=\"wp-block-column is-vertically-aligned-center is-layout-flow wp-block-column-is-layout-flow\">\n<div class=\"wp-block-media-text alignwide is-stacked-on-mobile is-vertically-aligned-top\" style=\"grid-template-columns:15% auto\"><figure class=\"wp-block-media-text__media\"><img loading=\"lazy\" decoding=\"async\" width=\"512\" height=\"512\" src=\"https:\/\/indecorseia.pt\/wp-content\/uploads\/2022\/07\/geral-1.png\" alt=\"\" class=\"wp-image-1067 size-full\" srcset=\"https:\/\/indecorseia.pt\/wp-content\/uploads\/2022\/07\/geral-1.png 512w, https:\/\/indecorseia.pt\/wp-content\/uploads\/2022\/07\/geral-1-300x300.png 300w, https:\/\/indecorseia.pt\/wp-content\/uploads\/2022\/07\/geral-1-150x150.png 150w, https:\/\/indecorseia.pt\/wp-content\/uploads\/2022\/07\/geral-1-100x100.png 100w, https:\/\/indecorseia.pt\/wp-content\/uploads\/2022\/07\/geral-1-45x45.png 45w\" sizes=\"auto, (max-width: 512px) 100vw, 512px\" \/><\/figure><div class=\"wp-block-media-text__content\">\n<p class=\"has-text-align-left has-small-font-size\" style=\"font-style:normal;font-weight:200\">Atendimento Geral<br> (+351) 238 393 050 Chamada para a rede fixa nacional <\/p>\n<\/div><\/div>\n\n\n\n<div class=\"wp-block-media-text alignwide is-stacked-on-mobile is-vertically-aligned-top is-style-default\" style=\"grid-template-columns:15% auto\"><figure class=\"wp-block-media-text__media\"><img loading=\"lazy\" decoding=\"async\" width=\"512\" height=\"512\" src=\"https:\/\/indecorseia.pt\/wp-content\/uploads\/2022\/07\/o-email.png\" alt=\"\" class=\"wp-image-1068 size-full\" srcset=\"https:\/\/indecorseia.pt\/wp-content\/uploads\/2022\/07\/o-email.png 512w, https:\/\/indecorseia.pt\/wp-content\/uploads\/2022\/07\/o-email-300x300.png 300w, https:\/\/indecorseia.pt\/wp-content\/uploads\/2022\/07\/o-email-150x150.png 150w, https:\/\/indecorseia.pt\/wp-content\/uploads\/2022\/07\/o-email-100x100.png 100w, https:\/\/indecorseia.pt\/wp-content\/uploads\/2022\/07\/o-email-45x45.png 45w\" sizes=\"auto, (max-width: 512px) 100vw, 512px\" \/><\/figure><div class=\"wp-block-media-text__content\">\n<p class=\"has-text-align-left has-small-font-size\" style=\"font-style:normal;font-weight:200\">Email     geral@indecorseia.pt<\/p>\n<\/div><\/div>\n\n\n\n<div class=\"wp-block-media-text alignwide is-stacked-on-mobile\" style=\"grid-template-columns:15% auto\"><figure class=\"wp-block-media-text__media\"><img loading=\"lazy\" decoding=\"async\" width=\"512\" height=\"512\" src=\"https:\/\/indecorseia.pt\/wp-content\/uploads\/2022\/07\/mulher-de-negocios.png\" alt=\"\" class=\"wp-image-1070 size-full\" srcset=\"https:\/\/indecorseia.pt\/wp-content\/uploads\/2022\/07\/mulher-de-negocios.png 512w, https:\/\/indecorseia.pt\/wp-content\/uploads\/2022\/07\/mulher-de-negocios-300x300.png 300w, https:\/\/indecorseia.pt\/wp-content\/uploads\/2022\/07\/mulher-de-negocios-150x150.png 150w, https:\/\/indecorseia.pt\/wp-content\/uploads\/2022\/07\/mulher-de-negocios-100x100.png 100w, https:\/\/indecorseia.pt\/wp-content\/uploads\/2022\/07\/mulher-de-negocios-45x45.png 45w\" sizes=\"auto, (max-width: 512px) 100vw, 512px\" \/><\/figure><div class=\"wp-block-media-text__content\">\n<p class=\"has-text-align-left has-small-font-size\" style=\"font-style:normal;font-weight:200\">Respons\u00e1vel de Loja<br>(+351) 961 493 921 Chamada para rede m\u00f3vel nacional<\/p>\n<\/div><\/div>\n\n\n\n<div class=\"wp-block-media-text alignwide is-stacked-on-mobile is-vertically-aligned-top\" style=\"grid-template-columns:15% auto\"><figure class=\"wp-block-media-text__media\"><img loading=\"lazy\" decoding=\"async\" width=\"512\" height=\"512\" src=\"https:\/\/indecorseia.pt\/wp-content\/uploads\/2022\/07\/decorador.png\" alt=\"\" class=\"wp-image-1071 size-full\" srcset=\"https:\/\/indecorseia.pt\/wp-content\/uploads\/2022\/07\/decorador.png 512w, https:\/\/indecorseia.pt\/wp-content\/uploads\/2022\/07\/decorador-300x300.png 300w, https:\/\/indecorseia.pt\/wp-content\/uploads\/2022\/07\/decorador-150x150.png 150w, https:\/\/indecorseia.pt\/wp-content\/uploads\/2022\/07\/decorador-100x100.png 100w, https:\/\/indecorseia.pt\/wp-content\/uploads\/2022\/07\/decorador-45x45.png 45w\" sizes=\"auto, (max-width: 512px) 100vw, 512px\" \/><\/figure><div class=\"wp-block-media-text__content\">\n<p class=\"has-small-font-size\" style=\"font-style:normal;font-weight:200\">Decorador<br>(+351) 961 493 920 Chamada para rede m\u00f3vel nacional<\/p>\n<\/div><\/div>\n<\/div>\n\n\n\n<div class=\"wp-block-column is-vertically-aligned-center is-layout-flow wp-block-column-is-layout-flow\">\n<div class=\"wp-block-media-text alignwide is-stacked-on-mobile is-vertically-aligned-top\" style=\"grid-template-columns:15% auto\"><figure class=\"wp-block-media-text__media\"><a href=\"https:\/\/www.facebook.com\/indecorseia\"><img loading=\"lazy\" decoding=\"async\" width=\"512\" height=\"513\" src=\"https:\/\/indecorseia.pt\/wp-content\/uploads\/2022\/07\/facebook-6.png\" alt=\"\" class=\"wp-image-1143 size-full\" srcset=\"https:\/\/indecorseia.pt\/wp-content\/uploads\/2022\/07\/facebook-6.png 512w, https:\/\/indecorseia.pt\/wp-content\/uploads\/2022\/07\/facebook-6-300x300.png 300w, https:\/\/indecorseia.pt\/wp-content\/uploads\/2022\/07\/facebook-6-150x150.png 150w, https:\/\/indecorseia.pt\/wp-content\/uploads\/2022\/07\/facebook-6-100x100.png 100w, https:\/\/indecorseia.pt\/wp-content\/uploads\/2022\/07\/facebook-6-45x45.png 45w\" sizes=\"auto, (max-width: 512px) 100vw, 512px\" \/><\/a><\/figure><div class=\"wp-block-media-text__content\">\n<p class=\"has-small-font-size\" style=\"font-style:normal;font-weight:200\">Facebook<\/p>\n<\/div><\/div>\n\n\n\n<div class=\"wp-block-media-text alignwide is-stacked-on-mobile is-vertically-aligned-top is-style-default\" style=\"grid-template-columns:15% auto\"><figure class=\"wp-block-media-text__media\"><a href=\"https:\/\/www.instagram.com\/indecorseia\/\"><img loading=\"lazy\" decoding=\"async\" width=\"512\" height=\"512\" src=\"https:\/\/indecorseia.pt\/wp-content\/uploads\/2022\/07\/instagram-5.png\" alt=\"\" class=\"wp-image-1144 size-full\" srcset=\"https:\/\/indecorseia.pt\/wp-content\/uploads\/2022\/07\/instagram-5.png 512w, https:\/\/indecorseia.pt\/wp-content\/uploads\/2022\/07\/instagram-5-300x300.png 300w, https:\/\/indecorseia.pt\/wp-content\/uploads\/2022\/07\/instagram-5-150x150.png 150w, https:\/\/indecorseia.pt\/wp-content\/uploads\/2022\/07\/instagram-5-100x100.png 100w, https:\/\/indecorseia.pt\/wp-content\/uploads\/2022\/07\/instagram-5-45x45.png 45w\" sizes=\"auto, (max-width: 512px) 100vw, 512px\" \/><\/a><\/figure><div class=\"wp-block-media-text__content\">\n<p class=\"has-small-font-size\" style=\"font-style:normal;font-weight:200\">Instagram<\/p>\n<\/div><\/div>\n\n\n\n<div class=\"wp-block-media-text alignwide is-stacked-on-mobile\" style=\"grid-template-columns:15% auto\"><figure class=\"wp-block-media-text__media\"><a href=\"https:\/\/www.youtube.com\/channel\/UChBrVTDtRkMbzaevhK9_I1w\/featured\"><img loading=\"lazy\" decoding=\"async\" width=\"512\" height=\"512\" src=\"https:\/\/indecorseia.pt\/wp-content\/uploads\/2022\/07\/youtube-1-4.png\" alt=\"\" class=\"wp-image-1145 size-full\" srcset=\"https:\/\/indecorseia.pt\/wp-content\/uploads\/2022\/07\/youtube-1-4.png 512w, https:\/\/indecorseia.pt\/wp-content\/uploads\/2022\/07\/youtube-1-4-300x300.png 300w, https:\/\/indecorseia.pt\/wp-content\/uploads\/2022\/07\/youtube-1-4-150x150.png 150w, https:\/\/indecorseia.pt\/wp-content\/uploads\/2022\/07\/youtube-1-4-100x100.png 100w, https:\/\/indecorseia.pt\/wp-content\/uploads\/2022\/07\/youtube-1-4-45x45.png 45w\" sizes=\"auto, (max-width: 512px) 100vw, 512px\" \/><\/a><\/figure><div class=\"wp-block-media-text__content\">\n<p class=\"has-small-font-size\" style=\"font-style:normal;font-weight:200\">Youtube<\/p>\n<\/div><\/div>\n\n\n\n<div class=\"wp-block-media-text alignwide is-stacked-on-mobile is-vertically-aligned-top\" style=\"grid-template-columns:15% auto\"><figure class=\"wp-block-media-text__media\"><img loading=\"lazy\" decoding=\"async\" width=\"512\" height=\"512\" src=\"https:\/\/indecorseia.pt\/wp-content\/uploads\/2022\/07\/open-1.png\" alt=\"\" class=\"wp-image-1146 size-full\" srcset=\"https:\/\/indecorseia.pt\/wp-content\/uploads\/2022\/07\/open-1.png 512w, https:\/\/indecorseia.pt\/wp-content\/uploads\/2022\/07\/open-1-300x300.png 300w, https:\/\/indecorseia.pt\/wp-content\/uploads\/2022\/07\/open-1-150x150.png 150w, https:\/\/indecorseia.pt\/wp-content\/uploads\/2022\/07\/open-1-100x100.png 100w, https:\/\/indecorseia.pt\/wp-content\/uploads\/2022\/07\/open-1-45x45.png 45w\" sizes=\"auto, (max-width: 512px) 100vw, 512px\" \/><\/figure><div class=\"wp-block-media-text__content\">\n<p class=\"has-small-font-size\" style=\"font-style:normal;font-weight:200\">    <mark><br><\/mark>Hor\u00e1rio<br>09H-12:30H | 14:30H-19H (Dias \u00fateis)<br>09H-13H (S\u00e1bado)<\/p>\n<\/div><\/div>\n<\/div>\n<\/div>\n<\/div>\n<\/div>\n\n\n\n<div class=\"wp-block-contact-form-7-contact-form-selector\">\n<div class=\"wpcf7 no-js\" id=\"wpcf7-f1847-o1\" lang=\"pt-PT\" dir=\"ltr\">\n<div class=\"screen-reader-response\"><p role=\"status\" aria-live=\"polite\" aria-atomic=\"true\"><\/p> <ul><\/ul><\/div>\n<form action=\"\/index.php?rest_route=%2Fwp%2Fv2%2Fpages%2F8#wpcf7-f1847-o1\" method=\"post\" class=\"wpcf7-form init\" aria-label=\"Formul\u00e1rio de contacto\" novalidate=\"novalidate\" data-status=\"init\">\n<div style=\"display: none;\">\n<input type=\"hidden\" name=\"_wpcf7\" value=\"1847\" \/>\n<input type=\"hidden\" name=\"_wpcf7_version\" value=\"5.9.8\" \/>\n<input type=\"hidden\" name=\"_wpcf7_locale\" value=\"pt_PT\" \/>\n<input type=\"hidden\" name=\"_wpcf7_unit_tag\" value=\"wpcf7-f1847-o1\" \/>\n<input type=\"hidden\" name=\"_wpcf7_container_post\" value=\"0\" \/>\n<input type=\"hidden\" name=\"_wpcf7_posted_data_hash\" value=\"\" \/>\n<\/div>\n<p><label> Seu nome<br \/>\n<span class=\"wpcf7-form-control-wrap\" data-name=\"your-name\"><input size=\"40\" maxlength=\"400\" class=\"wpcf7-form-control wpcf7-text wpcf7-validates-as-required\" aria-required=\"true\" aria-invalid=\"false\" value=\"\" type=\"text\" name=\"your-name\" \/><\/span> <\/label>\n<\/p>\n<p><label> Seu e-mail<br \/>\n<span class=\"wpcf7-form-control-wrap\" data-name=\"your-email\"><input size=\"40\" maxlength=\"400\" class=\"wpcf7-form-control wpcf7-email wpcf7-validates-as-required wpcf7-text wpcf7-validates-as-email\" aria-required=\"true\" aria-invalid=\"false\" value=\"\" type=\"email\" name=\"your-email\" \/><\/span> <\/label>\n<\/p>\n<p><label> Assunto<br \/>\n<span class=\"wpcf7-form-control-wrap\" data-name=\"your-subject\"><input size=\"40\" maxlength=\"400\" class=\"wpcf7-form-control wpcf7-text wpcf7-validates-as-required\" aria-required=\"true\" aria-invalid=\"false\" value=\"\" type=\"text\" name=\"your-subject\" \/><\/span> <\/label>\n<\/p>\n<p><label> Sua mensagem<br \/>\n<span class=\"wpcf7-form-control-wrap\" data-name=\"your-message\"><textarea cols=\"40\" rows=\"10\" maxlength=\"2000\" class=\"wpcf7-form-control wpcf7-textarea\" aria-invalid=\"false\" name=\"your-message\"><\/textarea><\/span> <\/label>\n<\/p>\n<p><input class=\"wpcf7-form-control wpcf7-submit has-spinner\" type=\"submit\" value=\"Enviar\" \/>\n<\/p><div class=\"wpcf7-response-output\" aria-hidden=\"true\"><\/div>\n<\/form>\n<\/div>\n<\/div>\n\n\n\n<div class=\"wp-block-buttons is-layout-flex wp-block-buttons-is-layout-flex\">\n<div class=\"wp-block-button is-style-outline is-style-outline--1\"><a class=\"wp-block-button__link wp-element-button\" href=\"https:\/\/indecorseia.pt\/\">Voltar<\/a><\/div>\n<\/div>\n","protected":false},"excerpt":{"rendered":"<p>A Indecor aguarda pelos seus projetos. Atendimento Geral (+351) 238 393 050 Chamada para a rede fixa nacional Email geral@indecorseia.pt Respons\u00e1vel de Loja(+351) 961 493 921 Chamada para rede m\u00f3vel nacional Decorador(+351) 961 493 920 Chamada para rede m\u00f3vel nacional Facebook Instagram Youtube Hor\u00e1rio09H-12:30H | 14:30H-19H (Dias \u00fateis)09H-13H (S\u00e1bado)<\/p>\n","protected":false},"author":4,"featured_media":0,"parent":0,"menu_order":0,"comment_status":"closed","ping_status":"closed","template":"","meta":{"ngg_post_thumbnail":0,"footnotes":""},"class_list":["post-8","page","type-page","status-publish","hentry"],"_links":{"self":[{"href":"https:\/\/indecorseia.pt\/index.php?rest_route=\/wp\/v2\/pages\/8","targetHints":{"allow":["GET"]}}],"collection":[{"href":"https:\/\/indecorseia.pt\/index.php?rest_route=\/wp\/v2\/pages"}],"about":[{"href":"https:\/\/indecorseia.pt\/index.php?rest_route=\/wp\/v2\/types\/page"}],"author":[{"embeddable":true,"href":"https:\/\/indecorseia.pt\/index.php?rest_route=\/wp\/v2\/users\/4"}],"replies":[{"embeddable":true,"href":"https:\/\/indecorseia.pt\/index.php?rest_route=%2Fwp%2Fv2%2Fcomments&post=8"}],"version-history":[{"count":91,"href":"https:\/\/indecorseia.pt\/index.php?rest_route=\/wp\/v2\/pages\/8\/revisions"}],"predecessor-version":[{"id":2943,"href":"https:\/\/indecorseia.pt\/index.php?rest_route=\/wp\/v2\/pages\/8\/revisions\/2943"}],"wp:attachment":[{"href":"https:\/\/indecorseia.pt\/index.php?rest_route=%2Fwp%2Fv2%2Fmedia&parent=8"}],"curies":[{"name":"wp","href":"https:\/\/api.w.org\/{rel}","templated":true}]}}