{"id":9,"date":"2022-03-30T14:50:42","date_gmt":"2022-03-30T14:50:42","guid":{"rendered":"https:\/\/joao.ovh\/websites\/wordpress\/?page_id=9"},"modified":"2022-08-27T09:19:53","modified_gmt":"2022-08-27T09:19:53","slug":"portefolio","status":"publish","type":"page","link":"https:\/\/indecorseia.pt\/?page_id=9","title":{"rendered":"ATENDIMENTO PERSONALIZADO"},"content":{"rendered":"<div class=\"wp-block-image is-style-default\">\n<figure class=\"aligncenter size-large is-resized\"><img loading=\"lazy\" decoding=\"async\" src=\"https:\/\/indecorseia.pt\/wp-content\/uploads\/2022\/07\/atendimento-personalizado-1024x683.jpg\" alt=\"\" class=\"wp-image-1042\" width=\"1170\" height=\"779\" srcset=\"https:\/\/indecorseia.pt\/wp-content\/uploads\/2022\/07\/atendimento-personalizado-1024x683.jpg 1024w, https:\/\/indecorseia.pt\/wp-content\/uploads\/2022\/07\/atendimento-personalizado-300x200.jpg 300w, https:\/\/indecorseia.pt\/wp-content\/uploads\/2022\/07\/atendimento-personalizado-768x512.jpg 768w, https:\/\/indecorseia.pt\/wp-content\/uploads\/2022\/07\/atendimento-personalizado.jpg 1080w\" sizes=\"auto, (max-width: 706px) 89vw, (max-width: 767px) 82vw, 740px\" \/><\/figure>\n<\/div>\n\n\n<div style=\"height:100px\" aria-hidden=\"true\" class=\"wp-block-spacer\"><\/div>\n\n\n\n<ul class=\"wp-block-list\" style=\"font-size:15px\"><li>Entender o cliente:<br>&#8211; enumeras amostras para a escolha do cliente,<br>&#8211; ajudamos na sua escolha atrav\u00e9s do nosso deslocamento ate ao seu espa\u00e7o a decorar,<br>&#8211; esbo\u00e7o do ambiente a decorar para obter uma ideia mais real.<\/li><li>Ajudar o cliente:<br>&#8211; poss\u00edveis agendamentos para hor\u00e1rios que mais lhe convier,<br>&#8211; reuni\u00f5es por via on-line.<\/li><\/ul>\n\n\n\n<div class=\"wp-block-buttons is-layout-flex wp-block-buttons-is-layout-flex\">\n<div class=\"wp-block-button is-style-outline is-style-outline--1\"><a class=\"wp-block-button__link\" href=\"https:\/\/indecorseia.pt\/\">Voltar<\/a><\/div>\n<\/div>\n","protected":false},"excerpt":{"rendered":"<p>Entender o cliente:&#8211; enumeras amostras para a escolha do cliente,&#8211; ajudamos na sua escolha atrav\u00e9s do nosso deslocamento ate ao seu espa\u00e7o a decorar,&#8211; esbo\u00e7o do ambiente a decorar para obter uma ideia mais real. Ajudar o cliente:&#8211; poss\u00edveis agendamentos para hor\u00e1rios que mais lhe convier,&#8211; reuni\u00f5es por via on-line.<\/p>\n","protected":false},"author":4,"featured_media":0,"parent":0,"menu_order":0,"comment_status":"closed","ping_status":"closed","template":"","meta":{"ngg_post_thumbnail":0,"footnotes":""},"class_list":["post-9","page","type-page","status-publish","hentry"],"_links":{"self":[{"href":"https:\/\/indecorseia.pt\/index.php?rest_route=\/wp\/v2\/pages\/9","targetHints":{"allow":["GET"]}}],"collection":[{"href":"https:\/\/indecorseia.pt\/index.php?rest_route=\/wp\/v2\/pages"}],"about":[{"href":"https:\/\/indecorseia.pt\/index.php?rest_route=\/wp\/v2\/types\/page"}],"author":[{"embeddable":true,"href":"https:\/\/indecorseia.pt\/index.php?rest_route=\/wp\/v2\/users\/4"}],"replies":[{"embeddable":true,"href":"https:\/\/indecorseia.pt\/index.php?rest_route=%2Fwp%2Fv2%2Fcomments&post=9"}],"version-history":[{"count":41,"href":"https:\/\/indecorseia.pt\/index.php?rest_route=\/wp\/v2\/pages\/9\/revisions"}],"predecessor-version":[{"id":2738,"href":"https:\/\/indecorseia.pt\/index.php?rest_route=\/wp\/v2\/pages\/9\/revisions\/2738"}],"wp:attachment":[{"href":"https:\/\/indecorseia.pt\/index.php?rest_route=%2Fwp%2Fv2%2Fmedia&parent=9"}],"curies":[{"name":"wp","href":"https:\/\/api.w.org\/{rel}","templated":true}]}}